{"id":565,"date":"2021-04-25T23:13:50","date_gmt":"2021-04-25T21:13:50","guid":{"rendered":"https:\/\/aif-bordtennis.dk\/?page_id=565"},"modified":"2025-01-14T14:02:19","modified_gmt":"2025-01-14T13:02:19","slug":"forside-2","status":"publish","type":"page","link":"https:\/\/aif-bordtennis.dk\/","title":{"rendered":"Forside"},"content":{"rendered":"<div class=\"wp-block-image\">\n<figure class=\"aligncenter size-full\"><img fetchpriority=\"high\" decoding=\"async\" width=\"241\" height=\"241\" src=\"https:\/\/aif-bordtennis.dk\/wp-content\/uploads\/2021\/04\/cropped-logo-aif-bordtennis.png\" alt=\"\" class=\"wp-image-483\" srcset=\"https:\/\/aif-bordtennis.dk\/wp-content\/uploads\/2021\/04\/cropped-logo-aif-bordtennis.png 241w, https:\/\/aif-bordtennis.dk\/wp-content\/uploads\/2021\/04\/cropped-logo-aif-bordtennis-150x150.png 150w\" sizes=\"(max-width: 241px) 100vw, 241px\" \/><\/figure><\/div>\n\n\n<p><\/p>\n\n\n<ul class=\"wp-block-latest-posts__list has-dates wp-block-latest-posts\"><li><a class=\"wp-block-latest-posts__post-title\" href=\"https:\/\/aif-bordtennis.dk\/?p=2001\">AIF Bordtennis Generalforsamling 2026<\/a><time datetime=\"2026-04-29T23:00:20+02:00\" class=\"wp-block-latest-posts__post-date\">29. april 2026<\/time><div class=\"wp-block-latest-posts__post-excerpt\">Hermed indbydelse til Generalforsamling 2026 torsdag den 21. Maj 2026 Kl. 19.00<\/div><\/li>\n<li><a class=\"wp-block-latest-posts__post-title\" href=\"https:\/\/aif-bordtennis.dk\/?p=1907\">AIF Bordtennis Generalforsamling 2025<\/a><time datetime=\"2025-04-10T15:34:16+02:00\" class=\"wp-block-latest-posts__post-date\">10. april 2025<\/time><div class=\"wp-block-latest-posts__post-excerpt\">Hermed indbydelse til Generalforsamling 2025 torsdag den 24. April 2025 Kl. 19.00<\/div><\/li>\n<li><a class=\"wp-block-latest-posts__post-title\" href=\"https:\/\/aif-bordtennis.dk\/?p=1528\">AIF Bordtennis Generalforsamling 2024<\/a><time datetime=\"2024-04-04T17:33:09+02:00\" class=\"wp-block-latest-posts__post-date\">4. april 2024<\/time><div class=\"wp-block-latest-posts__post-excerpt\">Hermed indbydelse til Generalforsamling 2024 den 18 April kl. 19:30<\/div><\/li>\n<li><a class=\"wp-block-latest-posts__post-title\" href=\"https:\/\/aif-bordtennis.dk\/?p=1347\">Resultater fra KM 2023<\/a><time datetime=\"2023-09-25T00:23:11+02:00\" class=\"wp-block-latest-posts__post-date\">25. september 2023<\/time><div class=\"wp-block-latest-posts__post-excerpt\">Den 23. september har vi afholdt klubmesterskab for 2023. Resultater: A r\u00e6kke B r\u00e6kke Stort tillykke til Henrik, som blev klubmester 2023! Anders H\u00f8g kiggede ogs\u00e5 forbi og ingen af os kunne sl\u00e5 ham. Han blev dermed k\u00e5ret som uofficiel klubmester 2023.<\/div><\/li>\n<li><a class=\"wp-block-latest-posts__post-title\" href=\"https:\/\/aif-bordtennis.dk\/?p=1303\">Ungdomstr\u00e6ning starter igen<\/a><time datetime=\"2023-08-18T14:22:43+02:00\" class=\"wp-block-latest-posts__post-date\">18. august 2023<\/time><div class=\"wp-block-latest-posts__post-excerpt\">Ungdomstr\u00e6ning starter mandag den 28. august 2023 Bestyrelsen<\/div><\/li>\n<\/ul>\n\n\n<script>(function (m,o,t,i,v,u,dk) {m['motivu-widget']=i;m[i] = m[i] || function () { (m[i].q = m[i].q || []).push(arguments) };u = o.createElement(t), dk = o.getElementsByTagName(t)[0];u.id = i; u.src = v; u.async = 1; dk.parentNode.insertBefore(u, dk);}(window, document, 'script', 'mw', 'https:\/\/assets.motivu.dk\/js\/widget.js')); mw('init', 'MW-KF3LEM0U');<\/script><div id='motivu'><\/div>\n","protected":false},"excerpt":{"rendered":"","protected":false},"author":1,"featured_media":0,"parent":0,"menu_order":0,"comment_status":"closed","ping_status":"closed","template":"","meta":{"_uag_custom_page_level_css":"","footnotes":""},"class_list":["post-565","page","type-page","status-publish","hentry"],"uagb_featured_image_src":{"full":false,"thumbnail":false,"medium":false,"medium_large":false,"large":false,"1536x1536":false,"2048x2048":false},"uagb_author_info":{"display_name":"admin","author_link":"https:\/\/aif-bordtennis.dk\/?author=1"},"uagb_comment_info":0,"uagb_excerpt":null,"_links":{"self":[{"href":"https:\/\/aif-bordtennis.dk\/index.php?rest_route=\/wp\/v2\/pages\/565","targetHints":{"allow":["GET"]}}],"collection":[{"href":"https:\/\/aif-bordtennis.dk\/index.php?rest_route=\/wp\/v2\/pages"}],"about":[{"href":"https:\/\/aif-bordtennis.dk\/index.php?rest_route=\/wp\/v2\/types\/page"}],"author":[{"embeddable":true,"href":"https:\/\/aif-bordtennis.dk\/index.php?rest_route=\/wp\/v2\/users\/1"}],"replies":[{"embeddable":true,"href":"https:\/\/aif-bordtennis.dk\/index.php?rest_route=%2Fwp%2Fv2%2Fcomments&post=565"}],"version-history":[{"count":15,"href":"https:\/\/aif-bordtennis.dk\/index.php?rest_route=\/wp\/v2\/pages\/565\/revisions"}],"predecessor-version":[{"id":1934,"href":"https:\/\/aif-bordtennis.dk\/index.php?rest_route=\/wp\/v2\/pages\/565\/revisions\/1934"}],"wp:attachment":[{"href":"https:\/\/aif-bordtennis.dk\/index.php?rest_route=%2Fwp%2Fv2%2Fmedia&parent=565"}],"curies":[{"name":"wp","href":"https:\/\/api.w.org\/{rel}","templated":true}]}}