{"id":173,"date":"2019-06-26T22:59:20","date_gmt":"2019-06-26T20:59:20","guid":{"rendered":"https:\/\/aif-bordtennis.dk\/wp\/?page_id=173"},"modified":"2025-04-28T00:21:32","modified_gmt":"2025-04-27T22:21:32","slug":"kontingent","status":"publish","type":"page","link":"https:\/\/aif-bordtennis.dk\/?page_id=173","title":{"rendered":"Kontingent"},"content":{"rendered":"<p>Priser p\u00e5 kontingent i AIF Bordtennis Klub:<\/p>\n<p>Senior:\u00a0 800,00 kr. \/ per \u00e5r<br \/>Veteraner:\u00a0 400,00 kr. \/ per \u00e5r<\/p>\n<p>Indbetalingen af kontingent skal ske til:<\/p>\n<p>Reg. nr.: 9570<br \/>Kontonummer: \u00a08249 709<\/p>\n<p>eller:<\/p>\n<p>MobilePay: 86 314<\/p>\n\n\n<div style=\"height:134px\" aria-hidden=\"true\" class=\"wp-block-spacer\"><\/div>\n\n\n\n<h4 class=\"wp-block-heading\">FAQ &#8211; ofte stillede sp\u00f8rgsm\u00e5l:<\/h4>\n\n\n<div class=\"wp-block-uagb-faq uagb-faq__outer-wrap uagb-block-d89a3814 uagb-faq-icon-row uagb-faq-layout-accordion uagb-faq-expand-first-false uagb-faq-inactive-other-true uagb-faq__wrap uagb-buttons-layout-wrap uagb-faq-equal-height     \" data-faqtoggle=\"true\" role=\"tablist\"><div class=\"wp-block-uagb-faq-child uagb-faq-child__outer-wrap uagb-faq-item uagb-block-54b871f2 \" role=\"tab\" tabindex=\"0\"><div class=\"uagb-faq-questions-button uagb-faq-questions\">\t\t\t<span class=\"uagb-icon uagb-faq-icon-wrap\">\n\t\t\t\t\t\t\t\t<svg xmlns=\"https:\/\/www.w3.org\/2000\/svg\" viewBox= \"0 0 448 512\"><path d=\"M432 256c0 17.69-14.33 32.01-32 32.01H256v144c0 17.69-14.33 31.99-32 31.99s-32-14.3-32-31.99v-144H48c-17.67 0-32-14.32-32-32.01s14.33-31.99 32-31.99H192v-144c0-17.69 14.33-32.01 32-32.01s32 14.32 32 32.01v144h144C417.7 224 432 238.3 432 256z\"><\/path><\/svg>\n\t\t\t\t\t\t\t<\/span>\n\t\t\t\t\t\t<span class=\"uagb-icon-active uagb-faq-icon-wrap\">\n\t\t\t\t\t\t\t\t<svg xmlns=\"https:\/\/www.w3.org\/2000\/svg\" viewBox= \"0 0 448 512\"><path d=\"M400 288h-352c-17.69 0-32-14.32-32-32.01s14.31-31.99 32-31.99h352c17.69 0 32 14.3 32 31.99S417.7 288 400 288z\"><\/path><\/svg>\n\t\t\t\t\t\t\t<\/span>\n\t\t\t<span class=\"uagb-question\"><em>Kan man pr\u00f8vetr\u00e6ne gratis?<\/em><\/span><\/div><div class=\"uagb-faq-content\"><p>Ja, man kan kigge forbi 4 gange og pr\u00f8ve det gratis.<\/p><\/div><\/div><div class=\"wp-block-uagb-faq-child uagb-faq-child__outer-wrap uagb-faq-item uagb-block-e535ad4c \" role=\"tab\" tabindex=\"0\"><div class=\"uagb-faq-questions-button uagb-faq-questions\">\t\t\t<span class=\"uagb-icon uagb-faq-icon-wrap\">\n\t\t\t\t\t\t\t\t<svg xmlns=\"https:\/\/www.w3.org\/2000\/svg\" viewBox= \"0 0 448 512\"><path d=\"M432 256c0 17.69-14.33 32.01-32 32.01H256v144c0 17.69-14.33 31.99-32 31.99s-32-14.3-32-31.99v-144H48c-17.67 0-32-14.32-32-32.01s14.33-31.99 32-31.99H192v-144c0-17.69 14.33-32.01 32-32.01s32 14.32 32 32.01v144h144C417.7 224 432 238.3 432 256z\"><\/path><\/svg>\n\t\t\t\t\t\t\t<\/span>\n\t\t\t\t\t\t<span class=\"uagb-icon-active uagb-faq-icon-wrap\">\n\t\t\t\t\t\t\t\t<svg xmlns=\"https:\/\/www.w3.org\/2000\/svg\" viewBox= \"0 0 448 512\"><path d=\"M400 288h-352c-17.69 0-32-14.32-32-32.01s14.31-31.99 32-31.99h352c17.69 0 32 14.3 32 31.99S417.7 288 400 288z\"><\/path><\/svg>\n\t\t\t\t\t\t\t<\/span>\n\t\t\t<span class=\"uagb-question\"><em>Hvad menes der med &#8220;per s\u00e6son&#8221;?<\/em><\/span><\/div><div class=\"uagb-faq-content\"><p>Bordtenniss\u00e6sonen starter fra august til maj\/juni, hvor udend\u00f8rs sport starter.<br>Som seniorer har man mulighed for ogs\u00e5 at spille i sommerperioden, men man skal selv lave en aftale med sine medspillere om tr\u00e6ningstiderne.<\/p><\/div><\/div><\/div>\n\n\n<p><\/p>\n","protected":false},"excerpt":{"rendered":"<p>Priser p\u00e5 kontingent i AIF Bordtennis Klub: Senior:\u00a0 800,00 kr. \/ per \u00e5rVeteraner:\u00a0 400,00 kr. \/ per \u00e5r Indbetalingen af kontingent skal ske til: Reg. nr.: 9570Kontonummer: \u00a08249 709 eller: MobilePay: 86 314 FAQ &#8211; ofte stillede sp\u00f8rgsm\u00e5l:<\/p>\n","protected":false},"author":1,"featured_media":0,"parent":0,"menu_order":0,"comment_status":"closed","ping_status":"closed","template":"","meta":{"_uag_custom_page_level_css":"","footnotes":""},"class_list":["post-173","page","type-page","status-publish","hentry"],"uagb_featured_image_src":{"full":false,"thumbnail":false,"medium":false,"medium_large":false,"large":false,"1536x1536":false,"2048x2048":false},"uagb_author_info":{"display_name":"admin","author_link":"https:\/\/aif-bordtennis.dk\/?author=1"},"uagb_comment_info":0,"uagb_excerpt":"Priser p\u00e5 kontingent i AIF Bordtennis Klub: Senior:\u00a0 800,00 kr. \/ per \u00e5rVeteraner:\u00a0 400,00 kr. \/ per \u00e5r Indbetalingen af kontingent skal ske til: Reg. nr.: 9570Kontonummer: \u00a08249 709 eller: MobilePay: 86 314 FAQ &#8211; ofte stillede sp\u00f8rgsm\u00e5l:","_links":{"self":[{"href":"https:\/\/aif-bordtennis.dk\/index.php?rest_route=\/wp\/v2\/pages\/173","targetHints":{"allow":["GET"]}}],"collection":[{"href":"https:\/\/aif-bordtennis.dk\/index.php?rest_route=\/wp\/v2\/pages"}],"about":[{"href":"https:\/\/aif-bordtennis.dk\/index.php?rest_route=\/wp\/v2\/types\/page"}],"author":[{"embeddable":true,"href":"https:\/\/aif-bordtennis.dk\/index.php?rest_route=\/wp\/v2\/users\/1"}],"replies":[{"embeddable":true,"href":"https:\/\/aif-bordtennis.dk\/index.php?rest_route=%2Fwp%2Fv2%2Fcomments&post=173"}],"version-history":[{"count":31,"href":"https:\/\/aif-bordtennis.dk\/index.php?rest_route=\/wp\/v2\/pages\/173\/revisions"}],"predecessor-version":[{"id":1927,"href":"https:\/\/aif-bordtennis.dk\/index.php?rest_route=\/wp\/v2\/pages\/173\/revisions\/1927"}],"wp:attachment":[{"href":"https:\/\/aif-bordtennis.dk\/index.php?rest_route=%2Fwp%2Fv2%2Fmedia&parent=173"}],"curies":[{"name":"wp","href":"https:\/\/api.w.org\/{rel}","templated":true}]}}